{"id":65,"date":"2022-02-10T09:38:43","date_gmt":"2022-02-10T12:38:43","guid":{"rendered":"https:\/\/paracambi.rj.gov.br\/sites\/villa-lobos\/?page_id=65"},"modified":"2022-02-22T14:32:15","modified_gmt":"2022-02-22T17:32:15","slug":"formacao-musical-modulo-ii","status":"publish","type":"page","link":"https:\/\/paracambi.rj.gov.br\/sites\/villa-lobos\/formacao-musical-modulo-ii\/","title":{"rendered":"Forma\u00e7\u00e3o Musical &#8211; M\u00f3dulo II"},"content":{"rendered":"\n<ul class=\"wp-block-list\"><li><strong>Curso de FORMA\u00c7\u00c3O MUSICAL \u2013 M\u00d3DULO 2 \u2013 LIM<\/strong><ul><li><strong>Ingresso<\/strong>: 1\u00ba ano: edital de matr\u00edcula<\/li><\/ul><ul><li><strong>Idade<\/strong>: a partir dos 13 anos.<\/li><\/ul><ul><li><strong>Dura\u00e7\u00e3o total<\/strong>: 4 horas semanais por 3 anos \u2013 408 horas de carga hor\u00e1ria total.<\/li><\/ul><ul><li><strong>Justificativa do curso:<\/strong> musicalizar jovens e adultos e proporcionar um aprendizado amplo e introdut\u00f3rio acerca da m\u00fasica e de um instrumento, conferindo aos alunos o desenvolvimento de habilidades motoras finas, percep\u00e7\u00e3o e mem\u00f3ria auditiva, leitura e interpreta\u00e7\u00e3o dos s\u00edmbolos musicais que colaborem em sua pr\u00e1tica e experi\u00eancia musical nos mais diversos setores em que essa pr\u00e1tica esteja inserida. <strong>\u00a0<\/strong><\/li><\/ul><ul><li><strong>Mat\u00e9rias obrigat\u00f3rias<\/strong>:<ul><li><strong>LINGUAGEM MUSICAL (LIM): <\/strong>ensina leitura, escrita, interpreta\u00e7\u00e3o e percep\u00e7\u00e3o de s\u00edmbolos musicais visuais e sonoros, desenvolvimento da compreens\u00e3o de teoria da m\u00fasica, experimenta\u00e7\u00e3o auditiva com os s\u00edmbolos e par\u00e2metros do som, da m\u00fasica, escrita na partitura, pautas musicais, s\u00edmbolos de ritmo, melodia e harmonia, composi\u00e7\u00e3o e interpreta\u00e7\u00e3o de trechos escritos de repert\u00f3rios conhecidos da m\u00fasica hist\u00f3rica e atual.<\/li><\/ul><ul><li><strong>INSTRUMENTO:<\/strong> aula de um dos 16 instrumentos oferecidos pela Escola, com professores profissionais no instrumento e com habilidade de ensinar como tocar desde pe\u00e7as simples at\u00e9 mais complexas.<\/li><\/ul><ul><li><strong>T\u00c9CNICA VOCAL (TVO): <\/strong>pr\u00e1tica em grupo com a voz, onde os alunos s\u00e3o ensinados a compreender sua voz, como seu instrumento prim\u00e1rio surgiu e como funciona, apresentando a din\u00e2mica de fazer m\u00fasica em conjunto, entendendo as nuances dessa modalidade musical e melhorando o estudo do seu pr\u00f3prio instrumento enquanto aprende a import\u00e2ncia de experimentar fazer m\u00fasica em grupo.<\/li><\/ul><ul><li><strong>M\u00daSICA DE CONJUNTO (MDC):<\/strong> pr\u00e1tica de conjunto cuja finalidade \u00e9 treinar os alunos a desenvolverem suas habilidades instrumentais usando seu pr\u00f3prio instrumento enquanto tocam com seus colegas de classe, trabalhando as habilidades musicais que n\u00e3o poderiam ser contempladas somente nas aulas de teoria da m\u00fasica e de instrumento individual.<\/li><\/ul><\/li><\/ul><\/li><\/ul>\n\n\n\n<p class=\"has-text-align-right\"><a href=\"https:\/\/paracambi.rj.gov.br\/sites\/villa-lobos\/formacao-musical-modulo-i\/\">Voltar<\/a>  <a href=\"https:\/\/paracambi.rj.gov.br\/sites\/villa-lobos\/cursos-livres\/\">Pr\u00f3ximo<\/a><\/p>\n","protected":false},"excerpt":{"rendered":"<p>Curso de FORMA\u00c7\u00c3O MUSICAL \u2013 M\u00d3DULO 2 \u2013 LIM Ingresso: 1\u00ba ano: edital de matr\u00edcula Idade: a partir dos 13<\/p>\n","protected":false},"author":3,"featured_media":0,"parent":0,"menu_order":0,"comment_status":"closed","ping_status":"closed","template":"","meta":{"colormag_page_container_layout":"default_layout","colormag_page_sidebar_layout":"default_layout","footnotes":""},"class_list":["post-65","page","type-page","status-publish","hentry"],"_links":{"self":[{"href":"https:\/\/paracambi.rj.gov.br\/sites\/villa-lobos\/wp-json\/wp\/v2\/pages\/65","targetHints":{"allow":["GET"]}}],"collection":[{"href":"https:\/\/paracambi.rj.gov.br\/sites\/villa-lobos\/wp-json\/wp\/v2\/pages"}],"about":[{"href":"https:\/\/paracambi.rj.gov.br\/sites\/villa-lobos\/wp-json\/wp\/v2\/types\/page"}],"author":[{"embeddable":true,"href":"https:\/\/paracambi.rj.gov.br\/sites\/villa-lobos\/wp-json\/wp\/v2\/users\/3"}],"replies":[{"embeddable":true,"href":"https:\/\/paracambi.rj.gov.br\/sites\/villa-lobos\/wp-json\/wp\/v2\/comments?post=65"}],"version-history":[{"count":4,"href":"https:\/\/paracambi.rj.gov.br\/sites\/villa-lobos\/wp-json\/wp\/v2\/pages\/65\/revisions"}],"predecessor-version":[{"id":640,"href":"https:\/\/paracambi.rj.gov.br\/sites\/villa-lobos\/wp-json\/wp\/v2\/pages\/65\/revisions\/640"}],"wp:attachment":[{"href":"https:\/\/paracambi.rj.gov.br\/sites\/villa-lobos\/wp-json\/wp\/v2\/media?parent=65"}],"curies":[{"name":"wp","href":"https:\/\/api.w.org\/{rel}","templated":true}]}}