{"id":67,"date":"2022-02-10T09:38:43","date_gmt":"2022-02-10T12:38:43","guid":{"rendered":"https:\/\/paracambi.rj.gov.br\/sites\/villa-lobos\/?page_id=67"},"modified":"2022-03-29T09:44:26","modified_gmt":"2022-03-29T12:44:26","slug":"bibiana-capato","status":"publish","type":"page","link":"https:\/\/paracambi.rj.gov.br\/sites\/villa-lobos\/bibiana-capato\/","title":{"rendered":"Bibiana Capato"},"content":{"rendered":"\n<figure class=\"wp-block-image size-full is-resized is-style-default\"><img data-recalc-dims=\"1\" decoding=\"async\" data-attachment-id=\"506\" data-permalink=\"https:\/\/paracambi.rj.gov.br\/sites\/villa-lobos\/bibiana-capato-2\/\" data-orig-file=\"https:\/\/i0.wp.com\/paracambi.rj.gov.br\/sites\/villa-lobos\/wp-content\/uploads\/sites\/3\/2022\/02\/Bibiana-Capato.jpg?fit=708%2C708&amp;ssl=1\" data-orig-size=\"708,708\" data-comments-opened=\"1\" data-image-meta=\"{&quot;aperture&quot;:&quot;0&quot;,&quot;credit&quot;:&quot;&quot;,&quot;camera&quot;:&quot;&quot;,&quot;caption&quot;:&quot;&quot;,&quot;created_timestamp&quot;:&quot;0&quot;,&quot;copyright&quot;:&quot;&quot;,&quot;focal_length&quot;:&quot;0&quot;,&quot;iso&quot;:&quot;0&quot;,&quot;shutter_speed&quot;:&quot;0&quot;,&quot;title&quot;:&quot;&quot;,&quot;orientation&quot;:&quot;0&quot;}\" data-image-title=\"Bibiana Capato\" data-image-description=\"\" data-image-caption=\"\" data-medium-file=\"https:\/\/i0.wp.com\/paracambi.rj.gov.br\/sites\/villa-lobos\/wp-content\/uploads\/sites\/3\/2022\/02\/Bibiana-Capato.jpg?fit=300%2C300&amp;ssl=1\" data-large-file=\"https:\/\/i0.wp.com\/paracambi.rj.gov.br\/sites\/villa-lobos\/wp-content\/uploads\/sites\/3\/2022\/02\/Bibiana-Capato.jpg?fit=708%2C708&amp;ssl=1\" src=\"https:\/\/i0.wp.com\/paracambi.rj.gov.br\/sites\/villa-lobos\/wp-content\/uploads\/sites\/3\/2022\/02\/Bibiana-Capato.jpg?resize=177%2C177&#038;ssl=1\" alt=\"\" class=\"wp-image-506\" width=\"177\" height=\"177\" srcset=\"https:\/\/i0.wp.com\/paracambi.rj.gov.br\/sites\/villa-lobos\/wp-content\/uploads\/sites\/3\/2022\/02\/Bibiana-Capato.jpg?w=708&amp;ssl=1 708w, https:\/\/i0.wp.com\/paracambi.rj.gov.br\/sites\/villa-lobos\/wp-content\/uploads\/sites\/3\/2022\/02\/Bibiana-Capato.jpg?resize=300%2C300&amp;ssl=1 300w, https:\/\/i0.wp.com\/paracambi.rj.gov.br\/sites\/villa-lobos\/wp-content\/uploads\/sites\/3\/2022\/02\/Bibiana-Capato.jpg?resize=150%2C150&amp;ssl=1 150w\" sizes=\"(max-width: 177px) 100vw, 177px\" \/><\/figure>\n\n\n\n<p class=\"has-text-align-justify\" style=\"font-size:16px\">Co-fundadora do Polo Villa-Lobos Paracambi, come\u00e7ou estudando piano aos 6 anos com aulas particulares em Barra do Pira\u00ed com a professora Ana L\u00facia &#8211; formada pelo Conservat\u00f3rio Brasileiro de M\u00fasica do Rio de Janeiro &#8211; CBM. A partir de 1982, ingressou na Academia de M\u00fasica Tereza Madeira em Nova Igua\u00e7u, institui\u00e7\u00e3o convencida ao CBM, cursando l\u00e1 o b\u00e1sico e o t\u00e9cnico em piano.<\/p>\n\n\n\n<p class=\"has-text-align-justify\" style=\"font-size:16px\">Professora de piano desde 1988, em 2002 foi chamada pela Superintend\u00eancia de Cultura de Paracambi para integrar o corpo docente do rec\u00e9m formado polo da Villa-Lobos no munic\u00edpio. Continua seus estudos em Licenciatura em M\u00fasica pela UNIMEZ &#8211; Nova Igua\u00e7u e leciona leitura e escrita musical e pr\u00e1tica de piano para crian\u00e7as e adultos.<\/p>\n\n\n\n<p class=\"has-text-align-right\"><a href=\"https:\/\/paracambi.rj.gov.br\/sites\/villa-lobos\/atila-de-carvalho\/\">Voltar<\/a> <a href=\"https:\/\/paracambi.rj.gov.br\/sites\/villa-lobos\/carlos-luis-victorino\/\">Pr\u00f3ximo<\/a><\/p>\n","protected":false},"excerpt":{"rendered":"<p>Co-fundadora do Polo Villa-Lobos Paracambi, come\u00e7ou estudando piano aos 6 anos com aulas particulares em Barra do Pira\u00ed com a<\/p>\n","protected":false},"author":3,"featured_media":0,"parent":0,"menu_order":0,"comment_status":"closed","ping_status":"closed","template":"","meta":{"colormag_page_container_layout":"default_layout","colormag_page_sidebar_layout":"default_layout","footnotes":""},"class_list":["post-67","page","type-page","status-publish","hentry"],"_links":{"self":[{"href":"https:\/\/paracambi.rj.gov.br\/sites\/villa-lobos\/wp-json\/wp\/v2\/pages\/67","targetHints":{"allow":["GET"]}}],"collection":[{"href":"https:\/\/paracambi.rj.gov.br\/sites\/villa-lobos\/wp-json\/wp\/v2\/pages"}],"about":[{"href":"https:\/\/paracambi.rj.gov.br\/sites\/villa-lobos\/wp-json\/wp\/v2\/types\/page"}],"author":[{"embeddable":true,"href":"https:\/\/paracambi.rj.gov.br\/sites\/villa-lobos\/wp-json\/wp\/v2\/users\/3"}],"replies":[{"embeddable":true,"href":"https:\/\/paracambi.rj.gov.br\/sites\/villa-lobos\/wp-json\/wp\/v2\/comments?post=67"}],"version-history":[{"count":14,"href":"https:\/\/paracambi.rj.gov.br\/sites\/villa-lobos\/wp-json\/wp\/v2\/pages\/67\/revisions"}],"predecessor-version":[{"id":1351,"href":"https:\/\/paracambi.rj.gov.br\/sites\/villa-lobos\/wp-json\/wp\/v2\/pages\/67\/revisions\/1351"}],"wp:attachment":[{"href":"https:\/\/paracambi.rj.gov.br\/sites\/villa-lobos\/wp-json\/wp\/v2\/media?parent=67"}],"curies":[{"name":"wp","href":"https:\/\/api.w.org\/{rel}","templated":true}]}}