{"id":88,"date":"2022-02-10T09:47:43","date_gmt":"2022-02-10T12:47:43","guid":{"rendered":"https:\/\/paracambi.rj.gov.br\/sites\/villa-lobos\/?page_id=88"},"modified":"2023-11-17T16:28:17","modified_gmt":"2023-11-17T19:28:17","slug":"natanael-andrade","status":"publish","type":"page","link":"https:\/\/paracambi.rj.gov.br\/sites\/villa-lobos\/natanael-andrade\/","title":{"rendered":"Natanael Andrade"},"content":{"rendered":"\n<figure class=\"wp-block-image size-medium is-resized is-style-default\"><img data-recalc-dims=\"1\" fetchpriority=\"high\" decoding=\"async\" data-attachment-id=\"221\" data-permalink=\"https:\/\/paracambi.rj.gov.br\/sites\/villa-lobos\/natanael-andrade\/foto-natanael\/\" data-orig-file=\"https:\/\/i0.wp.com\/paracambi.rj.gov.br\/sites\/villa-lobos\/wp-content\/uploads\/sites\/3\/2022\/02\/foto-Natanael.jpeg?fit=1200%2C1600&amp;ssl=1\" data-orig-size=\"1200,1600\" data-comments-opened=\"1\" data-image-meta=\"{&quot;aperture&quot;:&quot;0&quot;,&quot;credit&quot;:&quot;&quot;,&quot;camera&quot;:&quot;&quot;,&quot;caption&quot;:&quot;&quot;,&quot;created_timestamp&quot;:&quot;0&quot;,&quot;copyright&quot;:&quot;&quot;,&quot;focal_length&quot;:&quot;0&quot;,&quot;iso&quot;:&quot;0&quot;,&quot;shutter_speed&quot;:&quot;0&quot;,&quot;title&quot;:&quot;&quot;,&quot;orientation&quot;:&quot;0&quot;}\" data-image-title=\"foto-Natanael\" data-image-description=\"\" data-image-caption=\"\" data-medium-file=\"https:\/\/i0.wp.com\/paracambi.rj.gov.br\/sites\/villa-lobos\/wp-content\/uploads\/sites\/3\/2022\/02\/foto-Natanael.jpeg?fit=225%2C300&amp;ssl=1\" data-large-file=\"https:\/\/i0.wp.com\/paracambi.rj.gov.br\/sites\/villa-lobos\/wp-content\/uploads\/sites\/3\/2022\/02\/foto-Natanael.jpeg?fit=768%2C1024&amp;ssl=1\" src=\"https:\/\/i0.wp.com\/paracambi.rj.gov.br\/sites\/villa-lobos\/wp-content\/uploads\/sites\/3\/2022\/02\/foto-Natanael.jpeg?resize=242%2C248&#038;ssl=1\" alt=\"\" class=\"wp-image-221\" width=\"242\" height=\"248\" \/><\/figure>\n\n\n\n<p class=\"has-text-align-justify\">Natanael Jos\u00e9 de Andrade \u00e9 professor de Euf\u00f4nio, Trompete, Trombone, Percep\u00e7\u00e3o e Pr\u00e1tica de Conjunto da Escola de M\u00fasica Nogueira do Trombone desde 2002, sendo um dos professores fundadores do Polo Avan\u00e7ado Villa-Lobos Paracambi. \u00c9 Licenciando em M\u00fasica pela UNIMES \u2013 Universidade Metropolitana de Santos, possui T\u00e9cnico em Trompete pela Escola de M\u00fasica da UFRJ \u2013 Universidade Federal do Rio de Janeiro e curso livre de Pr\u00e1tica de Orquestra pela UNIRIO \u2013 Universidade Federal do Estado do Rio e Janeiro.<\/p>\n\n\n\n<p class=\"has-text-align-justify\">\u00c9 professor de m\u00fasica em projetos sociais em igrejas evang\u00e9licas de Paracambi, Japeri, Nova Igua\u00e7u, Mendes e Vassouras, foi professor de m\u00fasica da Prefeitura Municipal de Paulo de Frontin, \u00e9 professor de m\u00fasica da Prefeitura Municipal de Paracambi desde 1984 e participa como gestor e m\u00fasico do Centro de Educa\u00e7\u00e3o Musical do Grupo Am\u00e9m em Nova Igua\u00e7u, que tamb\u00e9m conta com uma companhia de m\u00fasicos que se apresenta em eventos em geral, como casamentos, anivers\u00e1rios e festas corporativas. Estudou Trompete com Rubem Brand\u00e3o (in memoriam), Davi Alves, Sargento Gilberto.<\/p>\n\n\n\n<p class=\"has-text-align-right\"><a href=\"https:\/\/paracambi.rj.gov.br\/sites\/villa-lobos\/isaac-nogueira\/\">Voltar<\/a> <a href=\"https:\/\/paracambi.rj.gov.br\/sites\/villa-lobos\/rafael-adelino\/\">Pr\u00f3ximo<\/a><\/p>\n","protected":false},"excerpt":{"rendered":"<p>Natanael Jos\u00e9 de Andrade \u00e9 professor de Euf\u00f4nio, Trompete, Trombone, Percep\u00e7\u00e3o e Pr\u00e1tica de Conjunto da Escola de M\u00fasica Nogueira<\/p>\n","protected":false},"author":3,"featured_media":0,"parent":0,"menu_order":0,"comment_status":"closed","ping_status":"closed","template":"","meta":{"colormag_page_container_layout":"default_layout","colormag_page_sidebar_layout":"default_layout","footnotes":""},"class_list":["post-88","page","type-page","status-publish","hentry"],"_links":{"self":[{"href":"https:\/\/paracambi.rj.gov.br\/sites\/villa-lobos\/wp-json\/wp\/v2\/pages\/88","targetHints":{"allow":["GET"]}}],"collection":[{"href":"https:\/\/paracambi.rj.gov.br\/sites\/villa-lobos\/wp-json\/wp\/v2\/pages"}],"about":[{"href":"https:\/\/paracambi.rj.gov.br\/sites\/villa-lobos\/wp-json\/wp\/v2\/types\/page"}],"author":[{"embeddable":true,"href":"https:\/\/paracambi.rj.gov.br\/sites\/villa-lobos\/wp-json\/wp\/v2\/users\/3"}],"replies":[{"embeddable":true,"href":"https:\/\/paracambi.rj.gov.br\/sites\/villa-lobos\/wp-json\/wp\/v2\/comments?post=88"}],"version-history":[{"count":12,"href":"https:\/\/paracambi.rj.gov.br\/sites\/villa-lobos\/wp-json\/wp\/v2\/pages\/88\/revisions"}],"predecessor-version":[{"id":1639,"href":"https:\/\/paracambi.rj.gov.br\/sites\/villa-lobos\/wp-json\/wp\/v2\/pages\/88\/revisions\/1639"}],"wp:attachment":[{"href":"https:\/\/paracambi.rj.gov.br\/sites\/villa-lobos\/wp-json\/wp\/v2\/media?parent=88"}],"curies":[{"name":"wp","href":"https:\/\/api.w.org\/{rel}","templated":true}]}}