{"id":89,"date":"2022-02-10T09:47:43","date_gmt":"2022-02-10T12:47:43","guid":{"rendered":"https:\/\/paracambi.rj.gov.br\/sites\/villa-lobos\/?page_id=89"},"modified":"2022-02-22T14:33:19","modified_gmt":"2022-02-22T17:33:19","slug":"cursos-livres","status":"publish","type":"page","link":"https:\/\/paracambi.rj.gov.br\/sites\/villa-lobos\/cursos-livres\/","title":{"rendered":"Cursos Livres"},"content":{"rendered":"\n<ul class=\"wp-block-list\"><li><strong>Cursos Livres<\/strong><ul><li><strong>Ingresso<\/strong>: edital de matr\u00edcula<\/li><\/ul><ul><li><strong>Idade<\/strong>: a partir dos 13 anos<\/li><\/ul><ul><li><strong>Dura\u00e7\u00e3o total<\/strong>: 17 aulas com 2 horas cada &#8211; 34 horas de carga hor\u00e1ria total.<\/li><\/ul><ul><li><strong>Justificativa do curso<\/strong>: oferecer forma\u00e7\u00e3o livre em cursos semestrais em diversas \u00e1reas, para servir como especializa\u00e7\u00e3o em assuntos que n\u00e3o s\u00e3o abordados em nenhum outro curso ou mat\u00e9ria oferecidas nos cursos b\u00e1sicos.<\/li><\/ul><ul><li><strong>Modalidade: <\/strong>on-line (com hor\u00e1rio combinado entre alunos e professores ministrantes).<\/li><\/ul><ul><li><strong>Cursos oferecidos<\/strong>:<ul><li><strong>HARMONIA AO TECLADO E PIANO NA PR\u00c1TICA &#8211; <\/strong>Nesse curso o Prof. Ronaldo Souza, abordar\u00e1 as qualidades dos acordes e seus voicings de acompanhamento. J\u00e1 ouviu falar disso? N\u00e3o? Aqui voc\u00ea fica sabendo disse e tamb\u00e9m de segundo cadencial, II &#8211; V &#8211; I\u00a0 e SubV7 dentro de uma composi\u00e7\u00e3o.<\/li><\/ul><ul><li><strong>SABERES &amp; SABORES: A INTERPRETA\u00c7\u00c3O DO SAX<\/strong> &#8211; O Prof. Renato Silveira ensina, para quem j\u00e1 toca saxofone, algumas t\u00e9cnicas de interpreta\u00e7\u00e3o no instrumento. Voc\u00ea consegue fazer o solo daquela m\u00fasica que tanto gosta, mas sente que ela ficou sem sabor? N\u00e3o sabe usar ornamentos no Saxofone e recursos como som rouco, vibrato, articula\u00e7\u00e3o, bend, apogiatura e outros efeitos? Ent\u00e3o esse curso \u00e9 pra voc\u00ea! Al\u00e9m de outros saberes, voc\u00ea vai aprender a linguagem e a articula\u00e7\u00e3o de cada g\u00eanero musical, assim como efeitos, ornamentos, tudo isso pra deixar os seus solos no saxofone com jeito profissional.<\/li><\/ul><ul><li><strong>RITMOS E ACENTUA\u00c7\u00d5ES DE M\u00daSICAS REGIONAIS BRASILEIRAS NA BATERIA<\/strong> &#8211; O Prof. Rodrigo te ensina a desenvolver sua sensibilidade r\u00edtmica e aquela habilidade de tocar mais forte ou mais suave quando necess\u00e1rio. O nome disso \u00e9 acentua\u00e7\u00e3o e \u00e9 atrav\u00e9s delas que a m\u00fasica ganha express\u00e3o, vida e interpreta\u00e7\u00e3o. Sabe quando voc\u00ea v\u00ea um baterista que toca com a alma? Quer se tornar um m\u00fasico assim, que toca as pessoas com seu ritmo? Com esse curso vamos te ajudar a traduzir nas acentua\u00e7\u00f5es os ritmos regionais que conhecemos e outros novos.<\/li><\/ul><ul><li><strong>IMPROVISA\u00c7\u00c3O PARA JAZZ E BLUES NO SAXOFONE &#8211; <\/strong>Nesse curso, voc\u00ea aprender\u00e1 sobre a origem do jazz e blues, interpreta\u00e7\u00e3o e leitura de repert\u00f3rios no saxofone, o uso de escalas pentat\u00f4nicas, maiores e menores em improvisa\u00e7\u00e3o sobre os acordes, articula\u00e7\u00e3o jazzista e muitas outras coisas, com o Prof. Val\u00e9rio Fernandes.<\/li><\/ul><ul><li><strong>GRAVA\u00c7\u00c3O E EDI\u00c7\u00c3O DE \u00c1UDIO COM SOFTWARES GRATUITOS<\/strong> &#8211; Este curso ir\u00e1 abordar quest\u00f5es sobre microfona\u00e7\u00e3o e fontes sonoras, softwares livres e elementos t\u00e9cnicos sobre a grava\u00e7\u00e3o, edi\u00e7\u00e3o e finaliza\u00e7\u00e3o de seu \u00e1udio. Hoje, gravar e editar bem seu \u00e1udio \u00e9 parte da atividade de um m\u00fasico, seja num est\u00fadio profissional, seja em casa usando apenas o celular, o m\u00fasico precisa captar bem o som de seu instrumento para poder ter credibilidade na arte que divulga, seja no v\u00eddeo do YouTube e redes sociais, ou em um disco de demonstra\u00e7\u00e3o feito por uma banda, e at\u00e9 uma pr\u00e9 produ\u00e7\u00e3o de atividade profissional, pois o m\u00fasico precisa resolver quest\u00f5es t\u00e9cnicas da \u00e1rea de grava\u00e7\u00e3o e edi\u00e7\u00e3o de seu \u00e1udio, com o Prof. \u00c1tila de Carvalho.<\/li><\/ul><ul><li><strong>CORPO E RITMO: OFICINA DE LEITURA R\u00cdTMICA E SOLFEJO EM CONJUNTO<\/strong> &#8211; Nesse curso ministrado pelo Prof. \u00c1tila, vamos abordar a m\u00fasica a partir da perspectiva do corpo, visando ajudar nos processos de assimila\u00e7\u00e3o motora a partir de est\u00edmulos visuais e auditivos. Usaremos a escrita n\u00e3o formal e a escrita formal para fazer m\u00fasicas com voz e ritmos, onde o \u00fanico instrumento ser\u00e1 o corpo. Para fazer m\u00fasica, algumas intelig\u00eancias precisam ser desenvolvidas, a mem\u00f3ria, a coordena\u00e7\u00e3o motora fina e a capacidade de resolver problemas de forma r\u00e1pida, no reflexo. Essas s\u00e3o habilidades que exigem mais tempo e dedica\u00e7\u00e3o e nem sempre s\u00e3o abordadas pelo estudante de forma adequada, podendo deixar car\u00eancias que ir\u00e3o travar o desenvolvimento do estudante em seu instrumento.<\/li><\/ul><ul><li><strong>PERCUSS\u00c3O POPULAR E ESTUDOS PR\u00c1TICOS DOS G\u00caNEROS MUSICAIS NA BATERIA &#8211; <\/strong>Nesse curso ministrado pelo Prof. Robson voc\u00ea ter\u00e1 a chance de conhecer na pr\u00e1tica ritmos brasileiros como samba, bai\u00e3o, xote, afox\u00e9, maracat\u00fa, maracat\u00fa estilizado, samba-reggae, maxixe, frevo, marchinha de carnaval, marcha nordestina, marcha rancho dentre outros. Uffa. S\u00e3o muitos ritmos.<\/li><\/ul><ul><li><strong>IMPROVISA\u00c7\u00c3O PARA TODOS OS INSTRUMENTOS<\/strong> &#8211; Nesse curso de improvisa\u00e7\u00e3o ministrado pelo Prof. Carlos Victorino ser\u00e3o abordados de maneira sistem\u00e1tica os elementos que comp\u00f5e a arte da improvisa\u00e7\u00e3o, as suas estruturas harm\u00f4nicas, mel\u00f3dicas, fraseol\u00f3gicas, desenvolvimento de motivos, cad\u00eancias, ritmos e suas inflex\u00f5es, dentre outros assuntos. O estudo da improvisa\u00e7\u00e3o ser\u00e1 feito em cima de um repert\u00f3rio caracter\u00edstico e sobre o jazz, estilo que consagrou e exportou essa forma de tocar (Livre, improvisada) para todo o mundo.<\/li><\/ul><ul><li><strong>BACKING VOCALS: DIVIS\u00c3O DE VOZES PARA GRUPOS VOCAIS<\/strong> &#8211; Nesse curso ministrado pelos Prof. Jefferson Lessa e Profa. Vanessa Antunes, s\u00e3o ensinados rapidamente os fundamentos do canto e da m\u00fasica, escrita musical, hist\u00f3ria e forma\u00e7\u00e3o dos grupos vocais, harmonia vocal, tipos de vocal de apoio, cria\u00e7\u00e3o de segunda voz, introdu\u00e7\u00e3o a timbragem e tamb\u00e9m resson\u00e2ncia e respira\u00e7\u00e3o aplicadas ao backing vocal.<\/li><\/ul><ul><li><strong>NO\u00c7\u00d5ES B\u00c1SICAS DE REG\u00caNCIA<\/strong> &#8211;<\/li><\/ul><ul><li><strong>EMPREENDEDORISMO MUSICAL: PRIMEIROS PASSOS PARA FAZER DA M\u00daSICA SEU NEG\u00d3CIO<\/strong><\/li><\/ul><\/li><\/ul><\/li><\/ul>\n\n\n\n<p class=\"has-text-align-right\"><a href=\"https:\/\/paracambi.rj.gov.br\/sites\/villa-lobos\/formacao-musical-modulo-ii\/\">Voltar<\/a><\/p>\n","protected":false},"excerpt":{"rendered":"<p>Cursos Livres Ingresso: edital de matr\u00edcula Idade: a partir dos 13 anos Dura\u00e7\u00e3o total: 17 aulas com 2 horas cada<\/p>\n","protected":false},"author":3,"featured_media":0,"parent":0,"menu_order":0,"comment_status":"closed","ping_status":"closed","template":"","meta":{"colormag_page_container_layout":"default_layout","colormag_page_sidebar_layout":"default_layout","footnotes":""},"class_list":["post-89","page","type-page","status-publish","hentry"],"_links":{"self":[{"href":"https:\/\/paracambi.rj.gov.br\/sites\/villa-lobos\/wp-json\/wp\/v2\/pages\/89","targetHints":{"allow":["GET"]}}],"collection":[{"href":"https:\/\/paracambi.rj.gov.br\/sites\/villa-lobos\/wp-json\/wp\/v2\/pages"}],"about":[{"href":"https:\/\/paracambi.rj.gov.br\/sites\/villa-lobos\/wp-json\/wp\/v2\/types\/page"}],"author":[{"embeddable":true,"href":"https:\/\/paracambi.rj.gov.br\/sites\/villa-lobos\/wp-json\/wp\/v2\/users\/3"}],"replies":[{"embeddable":true,"href":"https:\/\/paracambi.rj.gov.br\/sites\/villa-lobos\/wp-json\/wp\/v2\/comments?post=89"}],"version-history":[{"count":3,"href":"https:\/\/paracambi.rj.gov.br\/sites\/villa-lobos\/wp-json\/wp\/v2\/pages\/89\/revisions"}],"predecessor-version":[{"id":641,"href":"https:\/\/paracambi.rj.gov.br\/sites\/villa-lobos\/wp-json\/wp\/v2\/pages\/89\/revisions\/641"}],"wp:attachment":[{"href":"https:\/\/paracambi.rj.gov.br\/sites\/villa-lobos\/wp-json\/wp\/v2\/media?parent=89"}],"curies":[{"name":"wp","href":"https:\/\/api.w.org\/{rel}","templated":true}]}}