{"id":985,"date":"2022-03-08T10:13:58","date_gmt":"2022-03-08T13:13:58","guid":{"rendered":"https:\/\/paracambi.rj.gov.br\/sites\/villa-lobos\/?page_id=985"},"modified":"2023-10-26T17:55:25","modified_gmt":"2023-10-26T20:55:25","slug":"matriculas","status":"publish","type":"page","link":"https:\/\/paracambi.rj.gov.br\/sites\/villa-lobos\/matriculas\/","title":{"rendered":"Matr\u00edculas !!"},"content":{"rendered":"\t\t<div data-elementor-type=\"wp-page\" data-elementor-id=\"985\" class=\"elementor elementor-985\">\n\t\t\t\t\t\t<section class=\"elementor-section elementor-top-section elementor-element elementor-element-740c1afc elementor-section-boxed elementor-section-height-default elementor-section-height-default\" data-id=\"740c1afc\" data-element_type=\"section\" data-e-type=\"section\">\n\t\t\t\t\t\t<div class=\"elementor-container elementor-column-gap-default\">\n\t\t\t\t\t<div class=\"elementor-column elementor-col-100 elementor-top-column elementor-element elementor-element-6a7c40b3\" data-id=\"6a7c40b3\" data-element_type=\"column\" data-e-type=\"column\">\n\t\t\t<div class=\"elementor-widget-wrap elementor-element-populated\">\n\t\t\t\t\t\t<div class=\"elementor-element elementor-element-147c6938 elementor-widget elementor-widget-text-editor\" data-id=\"147c6938\" data-element_type=\"widget\" data-e-type=\"widget\" data-widget_type=\"text-editor.default\">\n\t\t\t\t<div class=\"elementor-widget-container\">\n\t\t\t\t\t\t\t\t\t\n<p><strong>Per\u00edodo de matr\u00edcula<\/strong> &#8211; 07 a 30 de novembro 2023<\/p>\n\n<p><strong>Hor\u00e1rio de atendimento para matr\u00edcula<\/strong>: Ter\u00e7a a Sexta de 8h as 16h<\/p>\n\n<p><strong>CURSOS:<\/strong><\/p>\n\n<ul class=\"wp-block-list\">\n<li><a href=\"https:\/\/paracambi.rj.gov.br\/sites\/villa-lobos\/musicalizacao-infantil\/\">Musicaliza\u00e7\u00e3o Infantil<\/a> &#8211; De 4 a 7 anos.<\/li>\n\n<li><a href=\"https:\/\/paracambi.rj.gov.br\/sites\/villa-lobos\/formacao-musical-modulo-i\/\" target=\"_blank\" rel=\"noreferrer noopener\">Forma\u00e7\u00e3o Musical \u2013 M\u00f3dulo I<\/a> &#8211; De 8 a 12 anos.<\/li>\n\n<li><a href=\"https:\/\/paracambi.rj.gov.br\/sites\/villa-lobos\/formacao-musical-modulo-ii\/\" target=\"_blank\" rel=\"noreferrer noopener\">Forma\u00e7\u00e3o Musical \u2013 M\u00f3dulo II<\/a> &#8211; A partir de 13 anos.<\/li>\n\n<li><a href=\"https:\/\/paracambi.rj.gov.br\/sites\/villa-lobos\/cursos-livres\/\" target=\"_blank\" rel=\"noreferrer noopener\">Cursos Livres<\/a>.<\/li>\n<\/ul>\n\n<p class=\"has-vivid-red-color has-text-color\"><strong>DOCUMENTA\u00c7\u00c3O NECESS\u00c1RIA:<\/strong><\/p>\n\n<ul class=\"wp-block-list\">\n<li>C\u00f3pia do RG e CPF<\/li>\n\n<li>C\u00f3pia do comprovante de resid\u00eancia<\/li>\n\n<li>1 fotos 3&#215;4<\/li>\n<\/ul>\n\n<p>\u00a0<\/p>\n\n<ul class=\"wp-block-list\">\n<li>Valores do semestre:\n<ul class=\"wp-block-list\">\n<li>Taxa de Matr\u00edcula: R$ 160,00<\/li>\n\n<li>Demais parcelas: 5x de R$ 80,00.<\/li>\n\n<li>Observa\u00e7\u00e3o: ap\u00f3s o vencimento ser\u00e3o aplicados juros e multa por atraso.<\/li>\n<\/ul>\n<\/li>\n<\/ul>\n\n<p class=\"has-text-align-justify\"><strong>OU<\/strong><\/p>\n\n<ul class=\"wp-block-list\">\n<li>Valor integral do semestre: R$ 450,00.<\/li>\n<\/ul>\n\n<p>Observa\u00e7\u00e3o: <strong>GRATUIDADE<\/strong>, para Alunos que estudam na rede municipal de Paracambi. Necess\u00e1rio: Declara\u00e7\u00e3o da escola com data atualizada (at\u00e9 30 dias).<\/p>\n\n<p><strong>Baixe o formul\u00e1rio e o contrato. (Trazer preenchido).<\/strong><\/p>\n\n<figure class=\"wp-block-image aligncenter size-medium is-resized\"><a href=\"https:\/\/drive.google.com\/uc?export=download&amp;id=1PQJiEbiqkNu8m2tF4o3ZP4LkFeyN2WL5\" target=\"_blank\" rel=\"noopener\"><img decoding=\"async\" data-attachment-id=\"1133\" data-permalink=\"https:\/\/paracambi.rj.gov.br\/sites\/villa-lobos\/matriculas\/kisspng-download-now-button-red-png-image-transparent-hd-5b7ee51c55df54-6469656515350428443517-1\/\" data-orig-file=\"https:\/\/i0.wp.com\/paracambi.rj.gov.br\/sites\/villa-lobos\/wp-content\/uploads\/sites\/3\/2022\/03\/kisspng-download-now-button-red-png-image-transparent-hd-5b7ee51c55df54.6469656515350428443517-1.jpg?fit=1600%2C634&amp;ssl=1\" data-orig-size=\"1600,634\" data-comments-opened=\"1\" data-image-meta=\"{&quot;aperture&quot;:&quot;0&quot;,&quot;credit&quot;:&quot;&quot;,&quot;camera&quot;:&quot;&quot;,&quot;caption&quot;:&quot;&quot;,&quot;created_timestamp&quot;:&quot;0&quot;,&quot;copyright&quot;:&quot;Angela Cini | Dreamstime.com&quot;,&quot;focal_length&quot;:&quot;0&quot;,&quot;iso&quot;:&quot;0&quot;,&quot;shutter_speed&quot;:&quot;0&quot;,&quot;title&quot;:&quot;&quot;,&quot;orientation&quot;:&quot;0&quot;}\" data-image-title=\"kisspng-download-now-button-red-png-image-transparent-hd-5b7ee51c55df54.6469656515350428443517-1\" data-image-description=\"\" data-image-caption=\"\" data-medium-file=\"https:\/\/i0.wp.com\/paracambi.rj.gov.br\/sites\/villa-lobos\/wp-content\/uploads\/sites\/3\/2022\/03\/kisspng-download-now-button-red-png-image-transparent-hd-5b7ee51c55df54.6469656515350428443517-1.jpg?fit=300%2C119&amp;ssl=1\" data-large-file=\"https:\/\/i0.wp.com\/paracambi.rj.gov.br\/sites\/villa-lobos\/wp-content\/uploads\/sites\/3\/2022\/03\/kisspng-download-now-button-red-png-image-transparent-hd-5b7ee51c55df54.6469656515350428443517-1.jpg?fit=800%2C317&amp;ssl=1\" data-recalc-dims=\"1\" class=\"wp-image-1133\" src=\"https:\/\/i0.wp.com\/paracambi.rj.gov.br\/sites\/villa-lobos\/wp-content\/uploads\/sites\/3\/2022\/03\/kisspng-download-now-button-red-png-image-transparent-hd-5b7ee51c55df54.6469656515350428443517-1.jpg?resize=230%2C93&#038;ssl=1\" alt=\"\" width=\"230\" height=\"93\" \/><\/a><\/figure>\n\n<p class=\"has-text-align-right\"><a href=\"https:\/\/paracambi.rj.gov.br\/sites\/villa-lobos\/\">Voltar<\/a><\/p>\n\t\t\t\t\t\t\t\t<\/div>\n\t\t\t\t<\/div>\n\t\t\t\t\t<\/div>\n\t\t<\/div>\n\t\t\t\t\t<\/div>\n\t\t<\/section>\n\t\t\t\t<\/div>\n\t\t","protected":false},"excerpt":{"rendered":"<p>Per\u00edodo de matr\u00edcula &#8211; 07 a 30 de novembro 2023 Hor\u00e1rio de atendimento para matr\u00edcula: Ter\u00e7a a Sexta de 8h<\/p>\n","protected":false},"author":3,"featured_media":0,"parent":0,"menu_order":0,"comment_status":"closed","ping_status":"closed","template":"","meta":{"colormag_page_container_layout":"default_layout","colormag_page_sidebar_layout":"default_layout","footnotes":""},"class_list":["post-985","page","type-page","status-publish","hentry"],"_links":{"self":[{"href":"https:\/\/paracambi.rj.gov.br\/sites\/villa-lobos\/wp-json\/wp\/v2\/pages\/985","targetHints":{"allow":["GET"]}}],"collection":[{"href":"https:\/\/paracambi.rj.gov.br\/sites\/villa-lobos\/wp-json\/wp\/v2\/pages"}],"about":[{"href":"https:\/\/paracambi.rj.gov.br\/sites\/villa-lobos\/wp-json\/wp\/v2\/types\/page"}],"author":[{"embeddable":true,"href":"https:\/\/paracambi.rj.gov.br\/sites\/villa-lobos\/wp-json\/wp\/v2\/users\/3"}],"replies":[{"embeddable":true,"href":"https:\/\/paracambi.rj.gov.br\/sites\/villa-lobos\/wp-json\/wp\/v2\/comments?post=985"}],"version-history":[{"count":73,"href":"https:\/\/paracambi.rj.gov.br\/sites\/villa-lobos\/wp-json\/wp\/v2\/pages\/985\/revisions"}],"predecessor-version":[{"id":1614,"href":"https:\/\/paracambi.rj.gov.br\/sites\/villa-lobos\/wp-json\/wp\/v2\/pages\/985\/revisions\/1614"}],"wp:attachment":[{"href":"https:\/\/paracambi.rj.gov.br\/sites\/villa-lobos\/wp-json\/wp\/v2\/media?parent=985"}],"curies":[{"name":"wp","href":"https:\/\/api.w.org\/{rel}","templated":true}]}}