{"id":994,"date":"2022-03-08T10:29:15","date_gmt":"2022-03-08T13:29:15","guid":{"rendered":"https:\/\/paracambi.rj.gov.br\/sites\/villa-lobos\/?page_id=994"},"modified":"2023-10-26T16:27:35","modified_gmt":"2023-10-26T19:27:35","slug":"rematricula-2","status":"publish","type":"page","link":"https:\/\/paracambi.rj.gov.br\/sites\/villa-lobos\/rematricula-2\/","title":{"rendered":"REMATR\u00cdCULAS !!"},"content":{"rendered":"\n<p style=\"font-size:16px\"><strong>Per\u00edodo &#8211; <\/strong>1\u00ba De 05 a 08 de dezembro <\/p>\n\n\n\n<ul class=\"wp-block-list\">\n<li>Valores do semestre: 1\u00ba parcela (R$ 160,00), na matr\u00edcula.<\/li>\n\n\n\n<li>Demais parcelas: (R$ 80,00)<\/li>\n\n\n\n<li>Observa\u00e7\u00e3o: Pagando at\u00e9 o vencimento (dia 15 de cada m\u00eas) o valor ser\u00e1 de R$80,00.<\/li>\n<\/ul>\n\n\n\n<p class=\"has-text-align-justify\">              <strong>OU<\/strong><\/p>\n\n\n\n<ul class=\"wp-block-list\">\n<li>Valor integral do semestre: R$ 450,00.<\/li>\n<\/ul>\n\n\n\n<p class=\"has-vivid-red-color has-text-color\" style=\"font-size:16px\"><strong>Observa\u00e7\u00e3o:<\/strong> <\/p>\n\n\n\n<p>Alunos com provas marcadas nessa semana, ap\u00f3s o t\u00e9rmino, comparecer a secretaria para fazer sua renova\u00e7\u00e3o de matr\u00edcula.<\/p>\n\n\n\n<p class=\"has-text-align-right\" style=\"font-size:16px\"><a href=\"https:\/\/paracambi.rj.gov.br\/sites\/villa-lobos\/\">Voltar<\/a><\/p>\n","protected":false},"excerpt":{"rendered":"<p>Per\u00edodo &#8211; 1\u00ba De 05 a 08 de dezembro OU Observa\u00e7\u00e3o: Alunos com provas marcadas nessa semana, ap\u00f3s o t\u00e9rmino,<\/p>\n","protected":false},"author":3,"featured_media":0,"parent":0,"menu_order":0,"comment_status":"closed","ping_status":"closed","template":"","meta":{"colormag_page_container_layout":"default_layout","colormag_page_sidebar_layout":"default_layout","footnotes":""},"class_list":["post-994","page","type-page","status-publish","hentry"],"_links":{"self":[{"href":"https:\/\/paracambi.rj.gov.br\/sites\/villa-lobos\/wp-json\/wp\/v2\/pages\/994","targetHints":{"allow":["GET"]}}],"collection":[{"href":"https:\/\/paracambi.rj.gov.br\/sites\/villa-lobos\/wp-json\/wp\/v2\/pages"}],"about":[{"href":"https:\/\/paracambi.rj.gov.br\/sites\/villa-lobos\/wp-json\/wp\/v2\/types\/page"}],"author":[{"embeddable":true,"href":"https:\/\/paracambi.rj.gov.br\/sites\/villa-lobos\/wp-json\/wp\/v2\/users\/3"}],"replies":[{"embeddable":true,"href":"https:\/\/paracambi.rj.gov.br\/sites\/villa-lobos\/wp-json\/wp\/v2\/comments?post=994"}],"version-history":[{"count":14,"href":"https:\/\/paracambi.rj.gov.br\/sites\/villa-lobos\/wp-json\/wp\/v2\/pages\/994\/revisions"}],"predecessor-version":[{"id":1598,"href":"https:\/\/paracambi.rj.gov.br\/sites\/villa-lobos\/wp-json\/wp\/v2\/pages\/994\/revisions\/1598"}],"wp:attachment":[{"href":"https:\/\/paracambi.rj.gov.br\/sites\/villa-lobos\/wp-json\/wp\/v2\/media?parent=994"}],"curies":[{"name":"wp","href":"https:\/\/api.w.org\/{rel}","templated":true}]}}